{"id":17,"date":"2025-10-15T14:48:12","date_gmt":"2025-10-15T14:48:12","guid":{"rendered":"https:\/\/andreas-geiss.ch\/?page_id=17"},"modified":"2025-10-19T19:44:12","modified_gmt":"2025-10-19T19:44:12","slug":"ueber-mich","status":"publish","type":"page","link":"https:\/\/andreas-geiss.ch\/index.php\/ueber-mich\/","title":{"rendered":"\u00dcber mich"},"content":{"rendered":"\n<div class=\"wp-block-media-text is-stacked-on-mobile is-vertically-aligned-top\" style=\"grid-template-columns:31% auto\"><figure class=\"wp-block-media-text__media\"><img loading=\"lazy\" decoding=\"async\" width=\"563\" height=\"1000\" src=\"https:\/\/andreas-geiss.ch\/wp-content\/uploads\/2025\/10\/Portrait-1000px.jpg\" alt=\"\" class=\"wp-image-49 size-full\" srcset=\"https:\/\/andreas-geiss.ch\/wp-content\/uploads\/2025\/10\/Portrait-1000px.jpg 563w, https:\/\/andreas-geiss.ch\/wp-content\/uploads\/2025\/10\/Portrait-1000px-169x300.jpg 169w\" sizes=\"auto, (max-width: 563px) 100vw, 563px\" \/><\/figure><div class=\"wp-block-media-text__content\">\n<p>ANDREAS GEISS<\/p>\n\n\n\n<p>51 Jahre, IT F\u00fchrungskraft<br>geboren und aufgewachsen in Bad S\u00e4ckingen<br>seit 2011 in Zeiningen<br>verheiratet, 2 Kinder (9+13) <br>Hobbies: Tennis, Wandern, eBike, IT, Filme, Natur und Zeit mit interessanten Menschen verbringen<\/p>\n\n\n\n<p><\/p>\n\n\n\n<p><\/p>\n<\/div><\/div>\n\n\n\n<p><strong>Ein neugieriger Geist von klein auf<\/strong><\/p>\n\n\n\n<p>Aufgewachsen in Bad S\u00e4ckingen, bekam ich bereits mit neun Jahren meinen ersten Computer \u2013 der Beginn einer lebenslangen Leidenschaft f\u00fcr Technik und Probleml\u00f6sungen. W\u00e4hrend andere spielten, schrieb ich kleine Programme, um meiner Familie den Alltag zu erleichtern \u2013 sogar bei den Mathe-Hausaufgaben meiner Schwester. Schon fr\u00fch faszinierte mich, wie Technik helfen kann, Menschen zu unterst\u00fctzen und Prozesse zu verbessern.<\/p>\n\n\n\n<p><strong>Engagement, Musik, Sport und Gemeinschaft<\/strong><\/p>\n\n\n\n<p>Neben der Technik spielten Musik und Sport immer eine grosse Rolle in meinem Leben. Akkordeon und Keyboard begleiteten mich durch viele Jahre, ebenso Handball und Volleyball. Im Hohner-Orchester Bad S\u00e4ckingen fand ich nicht nur musikalische Heimat, sondern auch eine Aufgabe: ein Engagement als Jugendleiter, sp\u00e4ter als Vorsitzender und ich \u00fcbernahm Verantwortung in verschiedenen Jugendverb\u00e4nden. <br>Die Arbeit mit jungen Menschen, die Organisation von Meisterschaften, Freizeit-Events und internationalen Bildungsreisen pr\u00e4gten mein Verst\u00e4ndnis von Teamarbeit, Motivation, Verantwortung und Entwicklung von Menschen.<\/p>\n\n\n\n<p><strong>Beruflicher Weg mit technischem Fundament<\/strong><\/p>\n\n\n\n<p>Nach dem Abitur begann ich meine Ausbildung als Kommunikationselektroniker bei Endress+Hauser in Maulburg, die ich mit Auszeichnung abschloss. Von dort f\u00fchrte mich mein Weg in den Vertriebsinnendienst \u2013 und parallel dazu in die IT. <br>Als Projektleiter konnte ich internationale eCommerce-Projekte umsetzen, die den weltweiten Vertrieb vernetzten und Prozesse effizienter gestalteten. Dabei lernte ich, dass gute Kommunikation, Zuh\u00f6ren und Respekt die wahren Erfolgsfaktoren f\u00fcr gute Teamarbeit sind.<\/p>\n\n\n\n<p><strong>F\u00fchrung mit Herz, Struktur und Weitblick<\/strong><\/p>\n\n\n\n<p>Nach \u00fcber zwei Jahrzehnten in der IT \u00fcbernahm ich F\u00fchrungsverantwortung in verschiedenen Unternehmen \u2013 \u00fcber Jahre hinweg bis hin zu Gesch\u00e4ftsgr\u00fcndungen sowie als Mitglied von Gesch\u00e4ftsleitungen (u.a. eines mittelst\u00e4ndischen Betriebs mit 500 Mitarbeitenden). Dabei lernte ich: Nachhaltiger Erfolg entsteht nicht durch Lautst\u00e4rke, sondern durch Ruhe, Teamgeist und faktenbasierte Entscheidungen. Eine respektvolle, transparente Kommunikation mit allen Beteiligten war f\u00fcr mich stets der Schl\u00fcssel, um tragf\u00e4hige L\u00f6sungen zu finden.<\/p>\n\n\n\n<p><strong>Verwurzelung in Zeiningen<\/strong><\/p>\n\n\n\n<p>Seit 2011 lebe ich mit meiner Familie in Zeiningen. Unsere beiden Kinder sind hier geboren und aufgewachsen, wir f\u00fchlen uns angekommen und willkommen. Auch wenn wir nicht laut auftreten, sind wir stets aktiv dabei: sei es bei der Musikgesellschaft, beim Fussball oder in der M\u00e4nnerriege. Dort, wo Hilfe gebraucht wird, packen wir an \u2013 das geh\u00f6rt f\u00fcr uns zum gelebten Miteinander.<\/p>\n\n\n\n<p><strong>Blick nach vorn \u2013 Verantwortung f\u00fcr Zeiningen<\/strong><\/p>\n\n\n\n<p>Bis August 2023 war ich in Basel in der Gesch\u00e4ftsleitung eines KMU t\u00e4tig und absolviere derzeit ein Masterstudium an der FHNW in Olten. Diese neue Lebensphase gibt mir den Freiraum, mich mit voller Energie auf neue Aufgaben vorzubereiten \u2013 insbesondere auf die politische Arbeit im Gemeinderat.<br>Ich m\u00f6chte dazu beitragen, dass Zeiningen mit frischem Wind, transparenter Kommunikation und nachhaltiger F\u00fchrung weiter vorankommt.<\/p>\n\n\n\n<p><span style=\"text-decoration: underline;\">Meine Ziele sind klar:<\/span><\/p>\n\n\n\n<ul class=\"wp-block-list\">\n<li><strong>einen starken Gemeinderat und eine kompetente Verwaltung f\u00fchren<\/strong><br>mit gutem Teamgeist, Vision, Respekt, Empathie und Vertrauen<\/li>\n\n\n\n<li><strong><strong>gute Kommunikations- und Mitwirkungsformen auf- und ausbauen<\/strong><\/strong><\/li>\n\n\n\n<li><strong>gesunde Finanzen sicherstellen<\/strong><br>durch \u00fcberlegtes Planen&amp;Handeln mit Ber\u00fccksichtigung aller Auswirkungen<\/li>\n\n\n\n<li><strong>B\u00fcrger- und Gewerben\u00e4he st\u00e4rken<\/strong><\/li>\n\n\n\n<li><strong>Kultur, Sport, Musik und lokale Vereine unterst\u00fctzen<\/strong><br>durch intensiven Dialog rund um die Themen Vision und Zukunftssicherung<\/li>\n<\/ul>\n\n\n\n<p>Ich danke allen W\u00e4hlerinnen und W\u00e4hlern f\u00fcr ihr Vertrauen \u2013 und verspreche, nicht nur zuzuh\u00f6ren, sondern gemeinsam zu gestalten.<\/p>\n\n\n\n<p><strong>Herzlichst,<br>Andreas Geiss<\/strong><\/p>\n\n\n\n<h1 class=\"wp-block-heading\">Beruflicher Werdegang &amp; Ehrenamt<\/h1>\n\n\n\n<h2 class=\"wp-block-heading\">Aktuelle:<\/h2>\n\n\n\n<div class=\"wp-block-columns is-layout-flex wp-container-core-columns-is-layout-9d6595d7 wp-block-columns-is-layout-flex\">\n<div class=\"wp-block-column is-layout-flow wp-block-column-is-layout-flow\" style=\"flex-basis:25%\">\n<p><strong>2019 \u2013 heute<\/strong><\/p>\n<\/div>\n\n\n\n<div class=\"wp-block-column is-layout-flow wp-block-column-is-layout-flow\" style=\"flex-basis:66.66%\">\n<p><strong>Gr\u00fcnder &amp; IT-Leiter<\/strong> <br>HEARTscopes GmbH (Nebenerwerb) <br>Mitglied der Gesch\u00e4ftsleitung<\/p>\n<\/div>\n<\/div>\n\n\n\n<div class=\"wp-block-columns is-layout-flex wp-container-core-columns-is-layout-9d6595d7 wp-block-columns-is-layout-flex\">\n<div class=\"wp-block-column is-layout-flow wp-block-column-is-layout-flow\" style=\"flex-basis:25%\">\n<p><strong>2024 \u2013 2026<\/strong><br><\/p>\n<\/div>\n\n\n\n<div class=\"wp-block-column is-layout-flow wp-block-column-is-layout-flow\" style=\"flex-basis:66.66%\">\n<p><strong>Master-Studium FHNW <\/strong>(Olten, Schweiz)<strong><br>\u00abDigital Business Transformation\u00bb<\/strong><br>&#8211; CAS IT Management (Note 5,5)<br>&#8211; CAS Business TechInnovation &amp; Transformation (Note 6,0)<br>&#8211; CAS Digital Business Development (l\u00e4uft)<br>&#8211; Master-Arbeit (2026)<\/p>\n<\/div>\n<\/div>\n\n\n\n<h2 class=\"wp-block-heading\">Fr\u00fchere:<\/h2>\n\n\n\n<p><em>2 Jahre Callpoint AG Basel<\/em><\/p>\n\n\n\n<div class=\"wp-block-columns is-layout-flex wp-container-core-columns-is-layout-9d6595d7 wp-block-columns-is-layout-flex\">\n<div class=\"wp-block-column is-layout-flow wp-block-column-is-layout-flow\" style=\"flex-basis:25%\">\n<p>     <strong>2022 &#8211; 2023<\/strong>&nbsp;<\/p>\n<\/div>\n\n\n\n<div class=\"wp-block-column is-layout-flow wp-block-column-is-layout-flow\" style=\"flex-basis:66.66%\">\n<p><strong>Leiter IT (CIO)<\/strong><br>Mitglied der Gesch\u00e4ftsleitung<\/p>\n<\/div>\n<\/div>\n\n\n\n<p><em>2 Jahre Weiss+Appetito Gruppe Bern<\/em><\/p>\n\n\n\n<div class=\"wp-block-columns is-layout-flex wp-container-core-columns-is-layout-9d6595d7 wp-block-columns-is-layout-flex\">\n<div class=\"wp-block-column is-layout-flow wp-block-column-is-layout-flow\" style=\"flex-basis:25%\">\n<p>     <strong>2020 &#8211; 2021<\/strong><\/p>\n<\/div>\n\n\n\n<div class=\"wp-block-column is-layout-flow wp-block-column-is-layout-flow\" style=\"flex-basis:66.66%\">\n<p><strong>IT-Leiter<\/strong><\/p>\n<\/div>\n<\/div>\n\n\n\n<p><em>2,5 Jahre UNITED GRINDING Group Bern<\/em><\/p>\n\n\n\n<div class=\"wp-block-columns is-layout-flex wp-container-core-columns-is-layout-9d6595d7 wp-block-columns-is-layout-flex\">\n<div class=\"wp-block-column is-layout-flow wp-block-column-is-layout-flow\" style=\"flex-basis:25%\">\n<p>     <strong><strong>2017 &#8211; 2019<\/strong><\/strong><\/p>\n<\/div>\n\n\n\n<div class=\"wp-block-column is-layout-flow wp-block-column-is-layout-flow\" style=\"flex-basis:66.66%\">\n<p><strong>Abteilungsleiter IT-Infrastruktur<\/strong><br>Demand- und Projekt-Management<\/p>\n<\/div>\n<\/div>\n\n\n\n<p><em>23 Jahre Endress+Hauser Gruppe <\/em><br><em>Maulburg (Deutschland), Reinach (Schweiz &amp; weltweit)<\/em><\/p>\n\n\n\n<div class=\"wp-block-columns is-layout-flex wp-container-core-columns-is-layout-9d6595d7 wp-block-columns-is-layout-flex\">\n<div class=\"wp-block-column is-layout-flow wp-block-column-is-layout-flow\" style=\"flex-basis:25%\">\n<p>     <strong><strong>2013 &#8211; 2016<\/strong><\/strong><\/p>\n<\/div>\n\n\n\n<div class=\"wp-block-column is-layout-flow wp-block-column-is-layout-flow\" style=\"flex-basis:66.66%\">\n<p><strong>Global Program Manager e-Business<\/strong><\/p>\n<\/div>\n<\/div>\n\n\n\n<div class=\"wp-block-columns is-layout-flex wp-container-core-columns-is-layout-9d6595d7 wp-block-columns-is-layout-flex\">\n<div class=\"wp-block-column is-layout-flow wp-block-column-is-layout-flow\" style=\"flex-basis:25%\">\n<p><strong><strong>     2<strong>011 &#8211; 2012<\/strong><\/strong><\/strong><\/p>\n<\/div>\n\n\n\n<div class=\"wp-block-column is-layout-flow wp-block-column-is-layout-flow\" style=\"flex-basis:66.66%\">\n<p><strong>Projekt-Leitung Lifecycle Management&nbsp;<\/strong><br>Koordination internationaler Anforderungen f\u00fcr Software-Entwicklungsprojekte<\/p>\n<\/div>\n<\/div>\n\n\n\n<div class=\"wp-block-columns is-layout-flex wp-container-core-columns-is-layout-9d6595d7 wp-block-columns-is-layout-flex\">\n<div class=\"wp-block-column is-layout-flow wp-block-column-is-layout-flow\" style=\"flex-basis:25%\">\n<p><strong><strong>     <strong>2009 &#8211; 2011<\/strong>&nbsp;<\/strong><\/strong><\/p>\n<\/div>\n\n\n\n<div class=\"wp-block-column is-layout-flow wp-block-column-is-layout-flow\" style=\"flex-basis:66.66%\">\n<p><strong>Projekt-Leitung Plant Asset Management<\/strong> <br>(Software-Entwicklungen)<\/p>\n<\/div>\n<\/div>\n\n\n\n<div class=\"wp-block-columns is-layout-flex wp-container-core-columns-is-layout-9d6595d7 wp-block-columns-is-layout-flex\">\n<div class=\"wp-block-column is-layout-flow wp-block-column-is-layout-flow\" style=\"flex-basis:25%\">\n<p><strong><strong><strong>     2006 &#8211; 2009<\/strong>&nbsp;<\/strong><\/strong><\/p>\n<\/div>\n\n\n\n<div class=\"wp-block-column is-layout-flow wp-block-column-is-layout-flow\" style=\"flex-basis:66.66%\">\n<p><strong>Projek-Management<\/strong> <br>SAP basierter internationaler Online-Shop<\/p>\n<\/div>\n<\/div>\n\n\n\n<div class=\"wp-block-columns is-layout-flex wp-container-core-columns-is-layout-9d6595d7 wp-block-columns-is-layout-flex\">\n<div class=\"wp-block-column is-layout-flow wp-block-column-is-layout-flow\" style=\"flex-basis:25%\">\n<p><strong><strong><strong>     1996 &#8211; 2006<\/strong><\/strong><\/strong><\/p>\n<\/div>\n\n\n\n<div class=\"wp-block-column is-layout-flow wp-block-column-is-layout-flow\" style=\"flex-basis:66.66%\">\n<p><strong>Vertriebsinnendienst S\u00fcdostasien<\/strong><br>mit Fokus auf technischen Angeboten<br><strong>Neuaufbau internes IT-Netzwerk f\u00fcr 100 Arbeitspl\u00e4tze<\/strong> <br>inklusive IT-Insourcing <br><strong>Projekt-Management<\/strong><br>SAP basierte internationale Vertriebsplattform<\/p>\n<\/div>\n<\/div>\n\n\n\n<div class=\"wp-block-columns is-layout-flex wp-container-core-columns-is-layout-9d6595d7 wp-block-columns-is-layout-flex\">\n<div class=\"wp-block-column is-layout-flow wp-block-column-is-layout-flow\" style=\"flex-basis:25%\">\n<p><strong><strong>     <strong>1993 &#8211; 1996<\/strong><\/strong><\/strong><\/p>\n<\/div>\n\n\n\n<div class=\"wp-block-column is-layout-flow wp-block-column-is-layout-flow\" style=\"flex-basis:66.66%\">\n<p><strong>Ausbildung zum Kommunikationselektroniker<\/strong><\/p>\n<\/div>\n<\/div>\n\n\n\n<h2 class=\"wp-block-heading\">Ehrenamt:<\/h2>\n\n\n\n<div class=\"wp-block-columns is-layout-flex wp-container-core-columns-is-layout-9d6595d7 wp-block-columns-is-layout-flex\">\n<div class=\"wp-block-column is-layout-flow wp-block-column-is-layout-flow\" style=\"flex-basis:25%\">\n<p>     <strong><strong><strong>2025<\/strong><\/strong><\/strong><\/p>\n<\/div>\n\n\n\n<div class=\"wp-block-column is-layout-flow wp-block-column-is-layout-flow\" style=\"flex-basis:66.66%\">\n<p><strong>Kandidat <\/strong><br>Gemeinderat &amp; Gemeindepr\u00e4sident von Zeiningen<\/p>\n<\/div>\n<\/div>\n\n\n\n<div class=\"wp-block-columns is-layout-flex wp-container-core-columns-is-layout-9d6595d7 wp-block-columns-is-layout-flex\">\n<div class=\"wp-block-column is-layout-flow wp-block-column-is-layout-flow\" style=\"flex-basis:25%\">\n<p>     <strong><strong><strong><strong>2005 &#8211; heute<\/strong><\/strong><\/strong><\/strong><\/p>\n<\/div>\n\n\n\n<div class=\"wp-block-column is-layout-flow wp-block-column-is-layout-flow\" style=\"flex-basis:66.66%\">\n<p><strong>Unterst\u00fctzung<\/strong> (inter-)nationaler Kultur-, Sport- und Jugendprojekte<\/p>\n<\/div>\n<\/div>\n\n\n\n<div class=\"wp-block-columns is-layout-flex wp-container-core-columns-is-layout-9d6595d7 wp-block-columns-is-layout-flex\">\n<div class=\"wp-block-column is-layout-flow wp-block-column-is-layout-flow\" style=\"flex-basis:25%\">\n<p>     <strong><strong><strong><strong>2007 &#8211; 2012<\/strong>&nbsp;<\/strong><\/strong><\/strong><\/p>\n<\/div>\n\n\n\n<div class=\"wp-block-column is-layout-flow wp-block-column-is-layout-flow\" style=\"flex-basis:66.66%\">\n<p><strong>Landesjugendleiter<\/strong> <br>der Akkordeonjugend Baden-W\u00fcrttemberg<br>im Deutschen Harmonika Verband e.V.<\/p>\n<\/div>\n<\/div>\n\n\n\n<div class=\"wp-block-columns is-layout-flex wp-container-core-columns-is-layout-9d6595d7 wp-block-columns-is-layout-flex\">\n<div class=\"wp-block-column is-layout-flow wp-block-column-is-layout-flow\" style=\"flex-basis:25%\">\n<p>     <strong><strong><strong><strong>2007 &#8211; 2010<\/strong><\/strong><\/strong><\/strong><\/p>\n<\/div>\n\n\n\n<div class=\"wp-block-column is-layout-flow wp-block-column-is-layout-flow\" style=\"flex-basis:66.66%\">\n<p><strong>Vorstandsmitglied <\/strong><br>Kreisjugendring Waldshut e.V.<\/p>\n<\/div>\n<\/div>\n\n\n\n<div class=\"wp-block-columns is-layout-flex wp-container-core-columns-is-layout-9d6595d7 wp-block-columns-is-layout-flex\">\n<div class=\"wp-block-column is-layout-flow wp-block-column-is-layout-flow\" style=\"flex-basis:25%\">\n<p>     <strong><strong><strong><strong>2003 &#8211; 2020<\/strong>&nbsp;<\/strong><\/strong><\/strong><\/p>\n<\/div>\n\n\n\n<div class=\"wp-block-column is-layout-flow wp-block-column-is-layout-flow\" style=\"flex-basis:66.66%\">\n<p><strong>1. Vorsitzender<\/strong> <br>Hohner-Orchester Bad S\u00e4ckingen e.V.<\/p>\n<\/div>\n<\/div>\n\n\n\n<div class=\"wp-block-columns is-layout-flex wp-container-core-columns-is-layout-9d6595d7 wp-block-columns-is-layout-flex\">\n<div class=\"wp-block-column is-layout-flow wp-block-column-is-layout-flow\" style=\"flex-basis:25%\">\n<p>     <strong><strong><strong><strong>1990 &#8211; 2003<\/strong>&nbsp;&nbsp;<\/strong><\/strong><\/strong><\/p>\n<\/div>\n\n\n\n<div class=\"wp-block-column is-layout-flow wp-block-column-is-layout-flow\" style=\"flex-basis:66.66%\">\n<p><strong>Jugendleiter<\/strong><br>Hohner-Orchester Bad S\u00e4ckingen e.V.<\/p>\n<\/div>\n<\/div>\n\n\n\n<div class=\"wp-block-columns is-layout-flex wp-container-core-columns-is-layout-9d6595d7 wp-block-columns-is-layout-flex\">\n<div class=\"wp-block-column is-layout-flow wp-block-column-is-layout-flow\" style=\"flex-basis:25%\">\n<p>     <strong><strong><strong><strong>1993 &#8211; 1996<\/strong><\/strong><\/strong><\/strong><\/p>\n<\/div>\n\n\n\n<div class=\"wp-block-column is-layout-flow wp-block-column-is-layout-flow\" style=\"flex-basis:66.66%\">\n<p><strong>Freiwillige Feuerwehr Bad S\u00e4ckingen (Drehleiterzug)<\/strong><\/p>\n<\/div>\n<\/div>\n\n\n\n<div class=\"wp-block-columns is-layout-flex wp-container-core-columns-is-layout-9d6595d7 wp-block-columns-is-layout-flex\">\n<div class=\"wp-block-column is-layout-flow wp-block-column-is-layout-flow\" style=\"flex-basis:25%\">\n<p>     <strong><strong><strong><strong>1989 &#8211; 1992<\/strong><\/strong><\/strong><\/strong><\/p>\n<\/div>\n\n\n\n<div class=\"wp-block-column is-layout-flow wp-block-column-is-layout-flow\" style=\"flex-basis:66.66%\">\n<p><strong>Jugendfeuerwehr Bad S\u00e4ckingen<\/strong><\/p>\n<\/div>\n<\/div>\n","protected":false},"excerpt":{"rendered":"<p>ANDREAS GEISS 51 Jahre, IT F\u00fchrungskraftgeboren und aufgewachsen in Bad S\u00e4ckingenseit 2011 in Zeiningenverheiratet, 2 Kinder (9+13) Hobbies: Tennis, Wandern, eBike, IT, Filme, Natur und Zeit mit interessanten Menschen verbringen Ein neugieriger Geist von klein auf Aufgewachsen in Bad S\u00e4ckingen, bekam ich bereits mit neun Jahren meinen ersten Computer \u2013 der Beginn einer lebenslangen Leidenschaft &hellip; <\/p>\n<p class=\"link-more\"><a href=\"https:\/\/andreas-geiss.ch\/index.php\/ueber-mich\/\" class=\"more-link\"><span class=\"screen-reader-text\">&#171;\u00dcber mich&#187;<\/span> weiterlesen<\/a><\/p>\n","protected":false},"author":1,"featured_media":0,"parent":0,"menu_order":0,"comment_status":"closed","ping_status":"closed","template":"","meta":{"footnotes":""},"class_list":["post-17","page","type-page","status-publish","hentry"],"yoast_head":"<!-- This site is optimized with the Yoast SEO plugin v26.8 - https:\/\/yoast.com\/product\/yoast-seo-wordpress\/ -->\n<title>\u00dcber mich - andreas-geiss.ch<\/title>\n<meta name=\"robots\" content=\"index, follow, max-snippet:-1, max-image-preview:large, max-video-preview:-1\" \/>\n<link rel=\"canonical\" href=\"https:\/\/andreas-geiss.ch\/index.php\/ueber-mich\/\" \/>\n<meta property=\"og:locale\" content=\"de_DE\" \/>\n<meta property=\"og:type\" content=\"article\" \/>\n<meta property=\"og:title\" content=\"\u00dcber mich - andreas-geiss.ch\" \/>\n<meta property=\"og:description\" content=\"ANDREAS GEISS 51 Jahre, IT F\u00fchrungskraftgeboren und aufgewachsen in Bad S\u00e4ckingenseit 2011 in Zeiningenverheiratet, 2 Kinder (9+13) Hobbies: Tennis, Wandern, eBike, IT, Filme, Natur und Zeit mit interessanten Menschen verbringen Ein neugieriger Geist von klein auf Aufgewachsen in Bad S\u00e4ckingen, bekam ich bereits mit neun Jahren meinen ersten Computer \u2013 der Beginn einer lebenslangen Leidenschaft &hellip; &quot;\u00dcber mich&quot; weiterlesen\" \/>\n<meta property=\"og:url\" content=\"https:\/\/andreas-geiss.ch\/index.php\/ueber-mich\/\" \/>\n<meta property=\"og:site_name\" content=\"andreas-geiss.ch\" \/>\n<meta property=\"article:modified_time\" content=\"2025-10-19T19:44:12+00:00\" \/>\n<meta property=\"og:image\" content=\"https:\/\/andreas-geiss.ch\/wp-content\/uploads\/2025\/10\/Portrait-1000px.jpg\" \/>\n\t<meta property=\"og:image:width\" content=\"563\" \/>\n\t<meta property=\"og:image:height\" content=\"1000\" \/>\n\t<meta property=\"og:image:type\" content=\"image\/jpeg\" \/>\n<meta name=\"twitter:card\" content=\"summary_large_image\" \/>\n<meta name=\"twitter:label1\" content=\"Gesch\u00e4tzte Lesezeit\" \/>\n\t<meta name=\"twitter:data1\" content=\"5\u00a0Minuten\" \/>\n<script type=\"application\/ld+json\" class=\"yoast-schema-graph\">{\"@context\":\"https:\/\/schema.org\",\"@graph\":[{\"@type\":\"WebPage\",\"@id\":\"https:\/\/andreas-geiss.ch\/index.php\/ueber-mich\/\",\"url\":\"https:\/\/andreas-geiss.ch\/index.php\/ueber-mich\/\",\"name\":\"\u00dcber mich - andreas-geiss.ch\",\"isPartOf\":{\"@id\":\"https:\/\/andreas-geiss.ch\/#website\"},\"primaryImageOfPage\":{\"@id\":\"https:\/\/andreas-geiss.ch\/index.php\/ueber-mich\/#primaryimage\"},\"image\":{\"@id\":\"https:\/\/andreas-geiss.ch\/index.php\/ueber-mich\/#primaryimage\"},\"thumbnailUrl\":\"https:\/\/andreas-geiss.ch\/wp-content\/uploads\/2025\/10\/Portrait-1000px.jpg\",\"datePublished\":\"2025-10-15T14:48:12+00:00\",\"dateModified\":\"2025-10-19T19:44:12+00:00\",\"breadcrumb\":{\"@id\":\"https:\/\/andreas-geiss.ch\/index.php\/ueber-mich\/#breadcrumb\"},\"inLanguage\":\"de-CH\",\"potentialAction\":[{\"@type\":\"ReadAction\",\"target\":[\"https:\/\/andreas-geiss.ch\/index.php\/ueber-mich\/\"]}]},{\"@type\":\"ImageObject\",\"inLanguage\":\"de-CH\",\"@id\":\"https:\/\/andreas-geiss.ch\/index.php\/ueber-mich\/#primaryimage\",\"url\":\"https:\/\/andreas-geiss.ch\/wp-content\/uploads\/2025\/10\/Portrait-1000px.jpg\",\"contentUrl\":\"https:\/\/andreas-geiss.ch\/wp-content\/uploads\/2025\/10\/Portrait-1000px.jpg\",\"width\":563,\"height\":1000},{\"@type\":\"BreadcrumbList\",\"@id\":\"https:\/\/andreas-geiss.ch\/index.php\/ueber-mich\/#breadcrumb\",\"itemListElement\":[{\"@type\":\"ListItem\",\"position\":1,\"name\":\"Startseite\",\"item\":\"https:\/\/andreas-geiss.ch\/\"},{\"@type\":\"ListItem\",\"position\":2,\"name\":\"\u00dcber mich\"}]},{\"@type\":\"WebSite\",\"@id\":\"https:\/\/andreas-geiss.ch\/#website\",\"url\":\"https:\/\/andreas-geiss.ch\/\",\"name\":\"andreas-geiss.ch\",\"description\":\"F\u00fcr Zeiningen\",\"potentialAction\":[{\"@type\":\"SearchAction\",\"target\":{\"@type\":\"EntryPoint\",\"urlTemplate\":\"https:\/\/andreas-geiss.ch\/?s={search_term_string}\"},\"query-input\":{\"@type\":\"PropertyValueSpecification\",\"valueRequired\":true,\"valueName\":\"search_term_string\"}}],\"inLanguage\":\"de-CH\"}]}<\/script>\n<!-- \/ Yoast SEO plugin. -->","yoast_head_json":{"title":"\u00dcber mich - andreas-geiss.ch","robots":{"index":"index","follow":"follow","max-snippet":"max-snippet:-1","max-image-preview":"max-image-preview:large","max-video-preview":"max-video-preview:-1"},"canonical":"https:\/\/andreas-geiss.ch\/index.php\/ueber-mich\/","og_locale":"de_DE","og_type":"article","og_title":"\u00dcber mich - andreas-geiss.ch","og_description":"ANDREAS GEISS 51 Jahre, IT F\u00fchrungskraftgeboren und aufgewachsen in Bad S\u00e4ckingenseit 2011 in Zeiningenverheiratet, 2 Kinder (9+13) Hobbies: Tennis, Wandern, eBike, IT, Filme, Natur und Zeit mit interessanten Menschen verbringen Ein neugieriger Geist von klein auf Aufgewachsen in Bad S\u00e4ckingen, bekam ich bereits mit neun Jahren meinen ersten Computer \u2013 der Beginn einer lebenslangen Leidenschaft &hellip; \"\u00dcber mich\" weiterlesen","og_url":"https:\/\/andreas-geiss.ch\/index.php\/ueber-mich\/","og_site_name":"andreas-geiss.ch","article_modified_time":"2025-10-19T19:44:12+00:00","og_image":[{"width":563,"height":1000,"url":"https:\/\/andreas-geiss.ch\/wp-content\/uploads\/2025\/10\/Portrait-1000px.jpg","type":"image\/jpeg"}],"twitter_card":"summary_large_image","twitter_misc":{"Gesch\u00e4tzte Lesezeit":"5\u00a0Minuten"},"schema":{"@context":"https:\/\/schema.org","@graph":[{"@type":"WebPage","@id":"https:\/\/andreas-geiss.ch\/index.php\/ueber-mich\/","url":"https:\/\/andreas-geiss.ch\/index.php\/ueber-mich\/","name":"\u00dcber mich - andreas-geiss.ch","isPartOf":{"@id":"https:\/\/andreas-geiss.ch\/#website"},"primaryImageOfPage":{"@id":"https:\/\/andreas-geiss.ch\/index.php\/ueber-mich\/#primaryimage"},"image":{"@id":"https:\/\/andreas-geiss.ch\/index.php\/ueber-mich\/#primaryimage"},"thumbnailUrl":"https:\/\/andreas-geiss.ch\/wp-content\/uploads\/2025\/10\/Portrait-1000px.jpg","datePublished":"2025-10-15T14:48:12+00:00","dateModified":"2025-10-19T19:44:12+00:00","breadcrumb":{"@id":"https:\/\/andreas-geiss.ch\/index.php\/ueber-mich\/#breadcrumb"},"inLanguage":"de-CH","potentialAction":[{"@type":"ReadAction","target":["https:\/\/andreas-geiss.ch\/index.php\/ueber-mich\/"]}]},{"@type":"ImageObject","inLanguage":"de-CH","@id":"https:\/\/andreas-geiss.ch\/index.php\/ueber-mich\/#primaryimage","url":"https:\/\/andreas-geiss.ch\/wp-content\/uploads\/2025\/10\/Portrait-1000px.jpg","contentUrl":"https:\/\/andreas-geiss.ch\/wp-content\/uploads\/2025\/10\/Portrait-1000px.jpg","width":563,"height":1000},{"@type":"BreadcrumbList","@id":"https:\/\/andreas-geiss.ch\/index.php\/ueber-mich\/#breadcrumb","itemListElement":[{"@type":"ListItem","position":1,"name":"Startseite","item":"https:\/\/andreas-geiss.ch\/"},{"@type":"ListItem","position":2,"name":"\u00dcber mich"}]},{"@type":"WebSite","@id":"https:\/\/andreas-geiss.ch\/#website","url":"https:\/\/andreas-geiss.ch\/","name":"andreas-geiss.ch","description":"F\u00fcr Zeiningen","potentialAction":[{"@type":"SearchAction","target":{"@type":"EntryPoint","urlTemplate":"https:\/\/andreas-geiss.ch\/?s={search_term_string}"},"query-input":{"@type":"PropertyValueSpecification","valueRequired":true,"valueName":"search_term_string"}}],"inLanguage":"de-CH"}]}},"_links":{"self":[{"href":"https:\/\/andreas-geiss.ch\/index.php\/wp-json\/wp\/v2\/pages\/17","targetHints":{"allow":["GET"]}}],"collection":[{"href":"https:\/\/andreas-geiss.ch\/index.php\/wp-json\/wp\/v2\/pages"}],"about":[{"href":"https:\/\/andreas-geiss.ch\/index.php\/wp-json\/wp\/v2\/types\/page"}],"author":[{"embeddable":true,"href":"https:\/\/andreas-geiss.ch\/index.php\/wp-json\/wp\/v2\/users\/1"}],"replies":[{"embeddable":true,"href":"https:\/\/andreas-geiss.ch\/index.php\/wp-json\/wp\/v2\/comments?post=17"}],"version-history":[{"count":15,"href":"https:\/\/andreas-geiss.ch\/index.php\/wp-json\/wp\/v2\/pages\/17\/revisions"}],"predecessor-version":[{"id":88,"href":"https:\/\/andreas-geiss.ch\/index.php\/wp-json\/wp\/v2\/pages\/17\/revisions\/88"}],"wp:attachment":[{"href":"https:\/\/andreas-geiss.ch\/index.php\/wp-json\/wp\/v2\/media?parent=17"}],"curies":[{"name":"wp","href":"https:\/\/api.w.org\/{rel}","templated":true}]}}